{"id":5218,"date":"2018-01-02T13:29:46","date_gmt":"2018-01-02T12:29:46","guid":{"rendered":"http:\/\/tekergokse.hu\/?page_id=5218"},"modified":"2023-02-28T15:22:05","modified_gmt":"2023-02-28T14:22:05","slug":"foglalkozasok","status":"publish","type":"page","link":"https:\/\/tekergokse.hu\/?page_id=5218","title":{"rendered":"Foglalkoz\u00e1sok"},"content":{"rendered":"<div id=\"attachment_6312\" style=\"width: 310px\" class=\"wp-caption alignnone\"><a href=\"http:\/\/tekergokse.hu\/?page_id=6309\"><img aria-describedby=\"caption-attachment-6312\" decoding=\"async\" loading=\"lazy\" class=\"wp-image-6312 size-medium\" src=\"http:\/\/tekergokse.hu\/wp-content\/uploads\/funkcion\u00e1lis-tr\u00e9ning3-300x150.png\" alt=\"funkcion\u00e1lis tr\u00e9ning3\" width=\"300\" height=\"150\" srcset=\"https:\/\/tekergokse.hu\/wp-content\/uploads\/funkcion\u00e1lis-tr\u00e9ning3-300x150.png 300w, https:\/\/tekergokse.hu\/wp-content\/uploads\/funkcion\u00e1lis-tr\u00e9ning3.png 800w\" sizes=\"(max-width: 300px) 100vw, 300px\" \/><\/a><p id=\"caption-attachment-6312\" class=\"wp-caption-text\">Funkcion\u00e1lis tr\u00e9ning feln\u0151tteknek<\/p><\/div>\n<div id=\"attachment_6217\" style=\"width: 269px\" class=\"wp-caption alignleft\"><a href=\"https:\/\/www.facebook.com\/babocatorna\u00a0\" target=\"_blank\"><img aria-describedby=\"caption-attachment-6217\" decoding=\"async\" loading=\"lazy\" class=\"wp-image-6217\" src=\"http:\/\/tekergokse.hu\/wp-content\/uploads\/reklam02-300x300.jpg\" alt=\" https:\/\/www.facebook.com\/babocatorna \" width=\"259\" height=\"259\" srcset=\"https:\/\/tekergokse.hu\/wp-content\/uploads\/reklam02-300x300.jpg 300w, https:\/\/tekergokse.hu\/wp-content\/uploads\/reklam02-150x150.jpg 150w, https:\/\/tekergokse.hu\/wp-content\/uploads\/reklam02.jpg 564w\" sizes=\"(max-width: 259px) 100vw, 259px\" \/><\/a><p id=\"caption-attachment-6217\" class=\"wp-caption-text\">Gyerektorna<\/p><\/div>\n<div id=\"attachment_6221\" style=\"width: 269px\" class=\"wp-caption alignright\"><a href=\"https:\/\/www.facebook.com\/vizhezszoktatas\" target=\"_blank\"><img aria-describedby=\"caption-attachment-6221\" decoding=\"async\" loading=\"lazy\" class=\"wp-image-6221\" src=\"http:\/\/tekergokse.hu\/wp-content\/uploads\/vizhezszoktatas01-298x300.jpg\" alt=\"V\u00edzhezszoktat\u00e1s\" width=\"259\" height=\"261\" srcset=\"https:\/\/tekergokse.hu\/wp-content\/uploads\/vizhezszoktatas01-298x300.jpg 298w, https:\/\/tekergokse.hu\/wp-content\/uploads\/vizhezszoktatas01-150x150.jpg 150w, https:\/\/tekergokse.hu\/wp-content\/uploads\/vizhezszoktatas01-1019x1024.jpg 1019w, https:\/\/tekergokse.hu\/wp-content\/uploads\/vizhezszoktatas01.jpg 2006w\" sizes=\"(max-width: 259px) 100vw, 259px\" \/><\/a><p id=\"caption-attachment-6221\" class=\"wp-caption-text\">V\u00edzhezszoktat\u00e1s<\/p><\/div>\n","protected":false},"excerpt":{"rendered":"","protected":false},"author":2,"featured_media":0,"parent":0,"menu_order":0,"comment_status":"open","ping_status":"open","template":"","meta":[],"_links":{"self":[{"href":"https:\/\/tekergokse.hu\/index.php?rest_route=\/wp\/v2\/pages\/5218"}],"collection":[{"href":"https:\/\/tekergokse.hu\/index.php?rest_route=\/wp\/v2\/pages"}],"about":[{"href":"https:\/\/tekergokse.hu\/index.php?rest_route=\/wp\/v2\/types\/page"}],"author":[{"embeddable":true,"href":"https:\/\/tekergokse.hu\/index.php?rest_route=\/wp\/v2\/users\/2"}],"replies":[{"embeddable":true,"href":"https:\/\/tekergokse.hu\/index.php?rest_route=%2Fwp%2Fv2%2Fcomments&post=5218"}],"version-history":[{"count":8,"href":"https:\/\/tekergokse.hu\/index.php?rest_route=\/wp\/v2\/pages\/5218\/revisions"}],"predecessor-version":[{"id":6313,"href":"https:\/\/tekergokse.hu\/index.php?rest_route=\/wp\/v2\/pages\/5218\/revisions\/6313"}],"wp:attachment":[{"href":"https:\/\/tekergokse.hu\/index.php?rest_route=%2Fwp%2Fv2%2Fmedia&parent=5218"}],"curies":[{"name":"wp","href":"https:\/\/api.w.org\/{rel}","templated":true}]}}