{"id":5624,"date":"2019-12-27T11:35:59","date_gmt":"2019-12-27T10:35:59","guid":{"rendered":"http:\/\/tekergokse.hu\/?page_id=5624"},"modified":"2025-07-31T14:15:37","modified_gmt":"2025-07-31T13:15:37","slug":"edzesek-dija","status":"publish","type":"page","link":"https:\/\/tekergokse.hu\/?page_id=5624","title":{"rendered":"edz\u00e9sek d\u00edja"},"content":{"rendered":"<p><strong>\u00c9rv\u00e9nyes edz\u00e9sd\u00edjak 2025. augusztus 01-t\u0151l:<\/strong><\/p>\n<p><strong>\u00dasz\u00e1s 1700Ft\/alkalom<\/strong><\/p>\n<p>heti 4 alkalom<\/p>\n<p><strong>Fut\u00e1s, ker\u00e9kp\u00e1r, er\u0151s\u00edt\u00e9s 8000Ft\/h\u00f3<\/strong><\/p>\n<p>heti\u00a02-3 edz\u00e9s<\/p>\n<p><strong>Az edz\u00e9sek d\u00edj\u00e1t az aktu\u00e1lis h\u00f3napot k\u00f6vet\u0151en k\u00f6vetkez\u0151 h\u00f3 15-ig k\u00e9rj\u00fck rendezni!<\/strong><\/p>\n<p>A befizet\u00e9s m\u00f3dja \u00e1tutal\u00e1ssal, Tekerg\u0151k Sportegyes\u00fclete\u00a0Polg\u00e1ri Bankn\u00e1l vezetett sz\u00e1mlasz\u00e1m\u00e1ra:<\/p>\n<p><em><strong>61200285-14012774<\/strong><\/em><\/p>\n<p><em>K\u00e9rj\u00fck amennyiben lehets\u00e9ges v\u00e1lassz\u00e1k a fizet\u00e9snek ezt a m\u00f3dj\u00e1t!<\/em><\/p>\n<p><em>2 h\u00f3nap edz\u00e9sd\u00edj elmarad\u00e1sa eset\u00e9n a foglalkoz\u00e1sok csak annak rendez\u00e9s\u00e9t k\u00f6vet\u0151en l\u00e1togathat\u00f3ak!<\/em><\/p>\n","protected":false},"excerpt":{"rendered":"<p>\u00c9rv\u00e9nyes edz\u00e9sd\u00edjak 2025. augusztus 01-t\u0151l: \u00dasz\u00e1s 1700Ft\/alkalom heti 4 alkalom Fut\u00e1s, ker\u00e9kp\u00e1r, er\u0151s\u00edt\u00e9s 8000Ft\/h\u00f3 heti\u00a02-3 edz\u00e9s Az edz\u00e9sek d\u00edj\u00e1t az aktu\u00e1lis h\u00f3napot k\u00f6vet\u0151en k\u00f6vetkez\u0151 h\u00f3 15-ig k\u00e9rj\u00fck rendezni! A befizet\u00e9s m\u00f3dja \u00e1tutal\u00e1ssal, Tekerg\u0151k Sportegyes\u00fclete\u00a0Polg\u00e1ri Bankn\u00e1l vezetett sz\u00e1mlasz\u00e1m\u00e1ra: 61200285-14012774 K\u00e9rj\u00fck amennyiben &hellip; <a href=\"https:\/\/tekergokse.hu\/?page_id=5624\">Continue reading <span class=\"meta-nav\">&rarr;<\/span><\/a><\/p>\n","protected":false},"author":2,"featured_media":0,"parent":0,"menu_order":0,"comment_status":"closed","ping_status":"open","template":"","meta":[],"_links":{"self":[{"href":"https:\/\/tekergokse.hu\/index.php?rest_route=\/wp\/v2\/pages\/5624"}],"collection":[{"href":"https:\/\/tekergokse.hu\/index.php?rest_route=\/wp\/v2\/pages"}],"about":[{"href":"https:\/\/tekergokse.hu\/index.php?rest_route=\/wp\/v2\/types\/page"}],"author":[{"embeddable":true,"href":"https:\/\/tekergokse.hu\/index.php?rest_route=\/wp\/v2\/users\/2"}],"replies":[{"embeddable":true,"href":"https:\/\/tekergokse.hu\/index.php?rest_route=%2Fwp%2Fv2%2Fcomments&post=5624"}],"version-history":[{"count":10,"href":"https:\/\/tekergokse.hu\/index.php?rest_route=\/wp\/v2\/pages\/5624\/revisions"}],"predecessor-version":[{"id":6632,"href":"https:\/\/tekergokse.hu\/index.php?rest_route=\/wp\/v2\/pages\/5624\/revisions\/6632"}],"wp:attachment":[{"href":"https:\/\/tekergokse.hu\/index.php?rest_route=%2Fwp%2Fv2%2Fmedia&parent=5624"}],"curies":[{"name":"wp","href":"https:\/\/api.w.org\/{rel}","templated":true}]}}